{"id":72,"date":"2025-07-04T22:28:25","date_gmt":"2025-07-04T22:28:25","guid":{"rendered":"https:\/\/jaybee.dk\/?page_id=72"},"modified":"2025-07-05T17:23:15","modified_gmt":"2025-07-05T17:23:15","slug":"privatlivspolitik","status":"publish","type":"page","link":"https:\/\/jaybee.dk\/?page_id=72","title":{"rendered":"Privatlivspolitik"},"content":{"rendered":"\n<p><strong>Hvem vi er<\/strong><br>Vores webadresse er: https:\/\/jaybee.dk<\/p>\n\n\n\n<p><\/p>\n\n\n\n<p>Hos JayBee.dk tager vi dit privatliv alvorligt. Denne politik forklarer, hvordan vi behandler personoplysninger, n\u00e5r du bes\u00f8ger vores hjemmeside.<\/p>\n\n\n\n<p><strong>Dataansvarlig<\/strong><\/p>\n\n\n\n<p>Kontakt: post@jaybee.dk<\/p>\n\n\n\n<p><strong>Form\u00e5l<\/strong><\/p>\n\n\n\n<p>Form\u00e5let med hjemmesiden er at informere om bandet JayBee.<\/p>\n\n\n\n<p><strong>Brug af cookies<\/strong><\/p>\n\n\n\n<p>Vi anvender cookies til:<\/p>\n\n\n\n<ul class=\"wp-block-list\">\n<li>At forbedre brugeroplevelsen<\/li>\n\n\n\n<li>At f\u00f8re statistik over bes\u00f8gende<\/li>\n<\/ul>\n\n\n\n<p>Du kan til enhver tid deaktivere cookies via din browsers indstillinger.<\/p>\n\n\n\n<p><strong>Videregivelse af oplysninger<\/strong><\/p>\n\n\n\n<p>Vi deler visse tekniske oplysninger (f.eks. IP-adresser og browserdata) med vores webhotel for at sikre stabil og sikker drift af hjemmesiden. Webhotellet fungerer som databehandler og behandler oplysninger i henhold til en databehandleraftale.<\/p>\n\n\n\n<p><strong>Retsgrundlag<\/strong><\/p>\n\n\n\n<p>Behandlingen af oplysninger sker p\u00e5 baggrund af:<\/p>\n\n\n\n<p>Interesseafvejning (GDPR artikel 6, stk. 1, litra f)<\/p>\n\n\n\n<p><strong>Opbevaring<\/strong><\/p>\n\n\n\n<p>Vi gemmer kun tekniske data midlertidigt og automatisk via cookies. Ingen personlige oplysninger lagres permanent af JayBee.dk.<\/p>\n\n\n\n<p><strong>Dine rettigheder<\/strong><\/p>\n\n\n\n<p>Du har ret til:<\/p>\n\n\n\n<ul class=\"wp-block-list\">\n<li>Indsigt i, hvilke oplysninger vi har om dig<\/li>\n\n\n\n<li>At f\u00e5 oplysninger rettet eller slettet<\/li>\n\n\n\n<li>At klage til Datatilsynet<\/li>\n<\/ul>\n\n\n\n<p>Du kan l\u00e6se mere om dine rettigheder p\u00e5 Datatilsynet.dk.<\/p>\n","protected":false},"excerpt":{"rendered":"<p>Hvem vi erVores webadresse er: https:\/\/jaybee.dk Hos JayBee.dk tager vi dit privatliv alvorligt. Denne politik forklarer, hvordan vi behandler personoplysninger, n\u00e5r du bes\u00f8ger vores hjemmeside. Dataansvarlig Kontakt: post@jaybee.dk Form\u00e5l Form\u00e5let med hjemmesiden er at informere om bandet JayBee. Brug af cookies Vi anvender cookies til: Du kan til enhver tid deaktivere cookies via din browsers <a href=\"https:\/\/jaybee.dk\/?page_id=72\" class=\"more-link\">&#8230;<span class=\"screen-reader-text\">  Privatlivspolitik<\/span><\/a><\/p>\n","protected":false},"author":1,"featured_media":0,"parent":0,"menu_order":0,"comment_status":"closed","ping_status":"closed","template":"","meta":{"footnotes":""},"class_list":["post-72","page","type-page","status-publish","hentry"],"_links":{"self":[{"href":"https:\/\/jaybee.dk\/index.php?rest_route=\/wp\/v2\/pages\/72","targetHints":{"allow":["GET"]}}],"collection":[{"href":"https:\/\/jaybee.dk\/index.php?rest_route=\/wp\/v2\/pages"}],"about":[{"href":"https:\/\/jaybee.dk\/index.php?rest_route=\/wp\/v2\/types\/page"}],"author":[{"embeddable":true,"href":"https:\/\/jaybee.dk\/index.php?rest_route=\/wp\/v2\/users\/1"}],"replies":[{"embeddable":true,"href":"https:\/\/jaybee.dk\/index.php?rest_route=%2Fwp%2Fv2%2Fcomments&post=72"}],"version-history":[{"count":9,"href":"https:\/\/jaybee.dk\/index.php?rest_route=\/wp\/v2\/pages\/72\/revisions"}],"predecessor-version":[{"id":92,"href":"https:\/\/jaybee.dk\/index.php?rest_route=\/wp\/v2\/pages\/72\/revisions\/92"}],"wp:attachment":[{"href":"https:\/\/jaybee.dk\/index.php?rest_route=%2Fwp%2Fv2%2Fmedia&parent=72"}],"curies":[{"name":"wp","href":"https:\/\/api.w.org\/{rel}","templated":true}]}}